{"id":2,"date":"2026-04-18T12:56:36","date_gmt":"2026-04-18T12:56:36","guid":{"rendered":"https:\/\/izmirhaliyikama.com.tr\/?page_id=2"},"modified":"2026-04-18T15:11:55","modified_gmt":"2026-04-18T15:11:55","slug":"sample-page","status":"publish","type":"page","link":"https:\/\/izmirhaliyikama.com.tr\/?page_id=2","title":{"rendered":"Fiyatlar\u0131m\u0131z"},"content":{"rendered":"\n<p>Hal\u0131 Y\u0131kama Fiyatlar\u0131 Hakk\u0131nda L\u00fctfen Bilgi Al\u0131n\u0131z.<\/p>\n\n\n\n<p>0232 210 1 210<\/p>\n\n\n\n<blockquote class=\"wp-block-quote is-layout-flow wp-block-quote-is-layout-flow\">\n<p>Hal\u0131 Y\u0131kama Birim Fiyat\u0131:<\/p>\n<\/blockquote>\n\n\n\n<p><\/p>\n\n\n\n<blockquote class=\"wp-block-quote is-layout-flow wp-block-quote-is-layout-flow\">\n<p>Koltuk Y\u0131kama Birim Fiyat\u0131<\/p>\n<\/blockquote>\n\n\n\n<p><\/p>\n","protected":false},"excerpt":{"rendered":"<p>Hal\u0131 Y\u0131kama Fiyatlar\u0131 Hakk\u0131nda L\u00fctfen Bilgi Al\u0131n\u0131z. 0232 210 1 210 Hal\u0131 Y\u0131kama Birim Fiyat\u0131: Koltuk Y\u0131kama Birim Fiyat\u0131<\/p>\n","protected":false},"author":1,"featured_media":0,"parent":0,"menu_order":0,"comment_status":"closed","ping_status":"open","template":"","meta":{"saved_in_kubio":false,"footnotes":""},"class_list":["post-2","page","type-page","status-publish","hentry"],"kubio_ai_page_context":{"short_desc":"","purpose":"general"},"_links":{"self":[{"href":"https:\/\/izmirhaliyikama.com.tr\/index.php?rest_route=\/wp\/v2\/pages\/2","targetHints":{"allow":["GET"]}}],"collection":[{"href":"https:\/\/izmirhaliyikama.com.tr\/index.php?rest_route=\/wp\/v2\/pages"}],"about":[{"href":"https:\/\/izmirhaliyikama.com.tr\/index.php?rest_route=\/wp\/v2\/types\/page"}],"author":[{"embeddable":true,"href":"https:\/\/izmirhaliyikama.com.tr\/index.php?rest_route=\/wp\/v2\/users\/1"}],"replies":[{"embeddable":true,"href":"https:\/\/izmirhaliyikama.com.tr\/index.php?rest_route=%2Fwp%2Fv2%2Fcomments&post=2"}],"version-history":[{"count":3,"href":"https:\/\/izmirhaliyikama.com.tr\/index.php?rest_route=\/wp\/v2\/pages\/2\/revisions"}],"predecessor-version":[{"id":104,"href":"https:\/\/izmirhaliyikama.com.tr\/index.php?rest_route=\/wp\/v2\/pages\/2\/revisions\/104"}],"wp:attachment":[{"href":"https:\/\/izmirhaliyikama.com.tr\/index.php?rest_route=%2Fwp%2Fv2%2Fmedia&parent=2"}],"curies":[{"name":"wp","href":"https:\/\/api.w.org\/{rel}","templated":true}]}}